{"id":51,"date":"2009-09-12T22:04:15","date_gmt":"2009-09-12T20:04:15","guid":{"rendered":"http:\/\/localhost\/villemagne\/blog\/?page_id=51"},"modified":"2009-12-13T15:25:17","modified_gmt":"2009-12-13T14:25:17","slug":"a-propos-de-francois-xavier-de-villemagne","status":"publish","type":"page","link":"https:\/\/www.villemagne.net\/blog\/a-propos-de-francois-xavier-de-villemagne","title":{"rendered":"\u00c0 propos de Fran\u00e7ois-Xavier de Villemagne"},"content":{"rendered":"<div style=\"float: left; margin: 0 5px 2px 0\"><img title=\"Fran\u00e7ois-Xavier de Villemagne\" src=\"http:\/\/www.villemagne.net\/images\/common\/fxv.png\" alt=\"Fran\u00e7ois-Xavier de Villemagne\" \/><\/div>\n<p style=\"font-size: 13px; line-height: 25px; font-weight:bold; padding: 15px; padding-top: 1em; text-align: justify\">\u00c9crire. Voyager. Travailler.<br \/>\nDans cet ordre, ou dans un autre. Peu importe. Jamais l\u2019un sans l\u2019autre. Carnet et crayon \u00e0 la main, rester accroch\u00e9 \u00e0 la terre et parler du ciel.<\/p>\n<div style=\"clear:both;\"><\/div>\n<p text-align=\"center\">Au seuil de la petite enfance \u00e9merge le souvenir du premier grand voyage : \u00e0 cinq ans, \u00e9merveill\u00e9 \u00e0 en devenir malade, j\u2019accompagnai mes parents pour une travers\u00e9e de l\u2019Europe vers la lointaine Scandinavie.<\/p>\n<p>Cette ann\u00e9e-l\u00e0, mon p\u00e8re continua vers le Nord et parcourut la Laponie \u00e0 pied. Si j\u2019\u00e9tais trop jeune alors pour une telle aventure, elle s\u2019ancra n\u00e9anmoins pour longtemps dans mes r\u00eaves de gamin tandis que s\u2019ouvraient d\u00e9j\u00e0 des horizons nouveaux : au retour de ces grandes vacances, ma m\u00e8re m\u2019apprit \u00e0 lire et \u00e0 \u00e9crire ; peu \u00e0 peu elle me transmit sa passion pour la litt\u00e9rature, et \u00e0 travers les livres mon imagination arpenta le vaste monde.<\/p>\n<p>Plus tard, lorsqu\u2019au fil des ans, je partis pour de bon, visitant m\u00eame davantage de pays que je n\u2019ai d\u2019ann\u00e9es, mon sac de voyageur s\u2019all\u00e9gea progressivement des fardeaux inutiles, mais une poign\u00e9e de livres sans cesse renouvel\u00e9e m\u2019accompagna toujours jusqu\u2019au bout de la Terre.<\/p>\n<p>Et en guise de bio, quelques points de rep&egrave;re&nbsp;:<\/p>\n<p style=\"padding-left:20px;\"><strong>&raquo;<\/strong>&nbsp;&nbsp;4 ann&eacute;es d&rsquo;&eacute;cole d&rsquo;ing&eacute;nieur<br \/><strong>&raquo;<\/strong>&nbsp;&nbsp;1 <a href=\"http:\/\/www.villemagne.net\/site_fr\/sept-coins-du-monde-terre-des-hommes-antoine-de-saint-exupery-h44.php\">travers&eacute;e en bateau de Cherbourg &agrave; Tahiti<\/a><br \/><strong>&raquo;<\/strong>&nbsp;&nbsp;20 ans de vie professionnelle dans le secteur bancaire<br \/><strong>&raquo;<\/strong>&nbsp;&nbsp;10 000 km &agrave; pied parcourus sur les chemins de <a href=\"http:\/\/www.villemagne.net\/site_fr\/jerusalem-carte-generale.php\">J&eacute;rusalem<\/a> et de <a href=\"http:\/\/www.villemagne.net\/site_fr\/rome-carte-generale.php\">Rome<\/a><br \/><strong>&raquo;<\/strong>&nbsp;&nbsp;2 <a href=\"http:\/\/www.villemagne.net\/site_fr\/livres.php\">albums photographiques<\/a><br \/><strong>&raquo;<\/strong>&nbsp;&nbsp;3 productions de concerts et de spectacle lyrique<br \/><strong>&raquo;<\/strong>&nbsp;&nbsp;1 ann&eacute;e en <a href=\"http:\/\/www.villemagne.net\/site_fr\/sept-coins-du-monde-la-reine-des-neiges-hans-christian-andersen-h03.php\">Norv&egrave;ge<\/a><br \/><strong>&raquo;<\/strong>&nbsp;&nbsp;12 soir&eacute;es de trac avant de <a href=\"http:\/\/www.villemagne.net\/site_fr\/sept-coins-du-monde-carmagnola-carmagnola-h17.php\">chanter en soliste sur les planches du th&eacute;&acirc;tre<\/a><br \/><strong>&raquo;<\/strong>&nbsp;&nbsp;2 <a href=\"http:\/\/www.villemagne.net\/site_fr\/livres.php\">r&eacute;cits de voyage au long cours<\/a><br \/><strong>&raquo;<\/strong>&nbsp;&nbsp;1 permis de navigation pour piloter des cargos<br \/><strong>&raquo;<\/strong>&nbsp;&nbsp;1 <a href=\"http:\/\/www.villemagne.net\/site_fr\/alexandre-le-grand-le-livre.php\">roman &agrave; para&icirc;tre sur Alexandre le Grand<\/a> <br \/><strong>&raquo;<\/strong>&nbsp;&nbsp;&hellip;<\/p>\n","protected":false},"excerpt":{"rendered":"<p>\u00c9crire. Voyager. Travailler. Dans cet ordre, ou dans un autre. Peu importe. Jamais l\u2019un sans l\u2019autre. Carnet et crayon \u00e0 la main, rester accroch\u00e9 \u00e0 la terre et parler du ciel. Au seuil de la petite enfance \u00e9merge le souvenir du premier grand voyage : \u00e0 cinq ans, \u00e9merveill\u00e9 \u00e0 en devenir malade, j\u2019accompagnai mes [&hellip;]<\/p>\n","protected":false},"author":1,"featured_media":0,"parent":0,"menu_order":0,"comment_status":"open","ping_status":"open","template":"","meta":{"_monsterinsights_skip_tracking":false,"_monsterinsights_sitenote_active":false,"_monsterinsights_sitenote_note":"","_monsterinsights_sitenote_category":0},"aioseo_notices":[],"_links":{"self":[{"href":"https:\/\/www.villemagne.net\/blog\/wp-json\/wp\/v2\/pages\/51"}],"collection":[{"href":"https:\/\/www.villemagne.net\/blog\/wp-json\/wp\/v2\/pages"}],"about":[{"href":"https:\/\/www.villemagne.net\/blog\/wp-json\/wp\/v2\/types\/page"}],"author":[{"embeddable":true,"href":"https:\/\/www.villemagne.net\/blog\/wp-json\/wp\/v2\/users\/1"}],"replies":[{"embeddable":true,"href":"https:\/\/www.villemagne.net\/blog\/wp-json\/wp\/v2\/comments?post=51"}],"version-history":[{"count":0,"href":"https:\/\/www.villemagne.net\/blog\/wp-json\/wp\/v2\/pages\/51\/revisions"}],"wp:attachment":[{"href":"https:\/\/www.villemagne.net\/blog\/wp-json\/wp\/v2\/media?parent=51"}],"curies":[{"name":"wp","href":"https:\/\/api.w.org\/{rel}","templated":true}]}}